{"id":2,"date":"2026-04-02T19:20:31","date_gmt":"2026-04-02T19:20:31","guid":{"rendered":"https:\/\/carinecastroatelie.com.br\/?page_id=2"},"modified":"2026-04-02T20:03:27","modified_gmt":"2026-04-02T20:03:27","slug":"sample-page","status":"publish","type":"page","link":"https:\/\/carinecastroatelie.com.br\/","title":{"rendered":"HOME"},"content":{"rendered":"\t\t<div data-elementor-type=\"wp-page\" data-elementor-id=\"2\" class=\"elementor elementor-2\" data-elementor-post-type=\"page\">\n\t\t\t\t<div class=\"elementor-element elementor-element-60c893af e-flex e-con-boxed e-con e-parent\" data-id=\"60c893af\" data-element_type=\"container\" data-e-type=\"container\">\n\t\t\t\t\t<div class=\"e-con-inner\">\n\t\t\t\t<div class=\"elementor-element elementor-element-d4111b3 elementor-grid-3 elementor-grid-tablet-2 elementor-grid-mobile-1 elementor-widget elementor-widget-portfolio\" data-id=\"d4111b3\" data-element_type=\"widget\" data-e-type=\"widget\" data-settings=\"{&quot;item_ratio&quot;:{&quot;unit&quot;:&quot;px&quot;,&quot;size&quot;:1.2800000000000000266453525910037569701671600341796875,&quot;sizes&quot;:[]},&quot;columns&quot;:&quot;3&quot;,&quot;columns_tablet&quot;:&quot;2&quot;,&quot;columns_mobile&quot;:&quot;1&quot;,&quot;item_gap&quot;:{&quot;unit&quot;:&quot;px&quot;,&quot;size&quot;:&quot;&quot;,&quot;sizes&quot;:[]},&quot;row_gap&quot;:{&quot;unit&quot;:&quot;px&quot;,&quot;size&quot;:&quot;&quot;,&quot;sizes&quot;:[]}}\" data-widget_type=\"portfolio.default\">\n\t\t\t\t<div class=\"elementor-widget-container\">\n\t\t\t\t\t\t\t<div class=\"elementor-portfolio elementor-grid elementor-posts-container\" role=\"list\">\n\t\t\t\t<article class=\"elementor-portfolio-item elementor-post  post-39 post type-post status-publish format-standard has-post-thumbnail hentry category-uncategorized\" role=\"listitem\">\n\t\t\t<a class=\"elementor-post__thumbnail__link\" href=\"https:\/\/carinecastroatelie.com.br\/index.php\/2026\/04\/02\/cobra-coral-ceramica-fria\/\">\n\t\t\t\t<div class=\"elementor-portfolio-item__img elementor-post__thumbnail\">\n\t\t\t<img fetchpriority=\"high\" decoding=\"async\" width=\"259\" height=\"300\" src=\"https:\/\/carinecastroatelie.com.br\/wp-content\/uploads\/2026\/04\/Cobra-Coral-Ceramica-fria-e1775160115676-259x300.jpg\" class=\"attachment-medium size-medium wp-image-40\" alt=\"\" srcset=\"https:\/\/carinecastroatelie.com.br\/wp-content\/uploads\/2026\/04\/Cobra-Coral-Ceramica-fria-e1775160115676-259x300.jpg 259w, https:\/\/carinecastroatelie.com.br\/wp-content\/uploads\/2026\/04\/Cobra-Coral-Ceramica-fria-e1775160115676.jpg 575w\" sizes=\"(max-width: 259px) 100vw, 259px\" \/>\t\t<\/div>\n\t\t\t\t<div class=\"elementor-portfolio-item__overlay\">\n\t\t\t\t<h3 class=\"elementor-portfolio-item__title\">\n\t\tCobra Coral de Parede em Cer\u00e2mica Fria: Tradi\u00e7\u00e3o e Prote\u00e7\u00e3o para o Lar\t\t<\/h3>\n\t\t\t\t<\/div>\n\t\t\t\t<\/a>\n\t\t<\/article>\n\t\t\t\t<article class=\"elementor-portfolio-item elementor-post  post-1 post type-post status-publish format-standard has-post-thumbnail hentry category-uncategorized\" role=\"listitem\">\n\t\t\t<a class=\"elementor-post__thumbnail__link\" href=\"https:\/\/carinecastroatelie.com.br\/index.php\/2026\/04\/02\/sarava-canoa-de-coqueiro-pintada-a-mao\/\">\n\t\t\t\t<div class=\"elementor-portfolio-item__img elementor-post__thumbnail\">\n\t\t\t<img decoding=\"async\" width=\"169\" height=\"300\" src=\"https:\/\/carinecastroatelie.com.br\/wp-content\/uploads\/2026\/04\/Sarava-Canoa-de-Coqueiro-Pintada-a-Mao-169x300.jpg\" class=\"attachment-medium size-medium wp-image-33\" alt=\"\" srcset=\"https:\/\/carinecastroatelie.com.br\/wp-content\/uploads\/2026\/04\/Sarava-Canoa-de-Coqueiro-Pintada-a-Mao-169x300.jpg 169w, https:\/\/carinecastroatelie.com.br\/wp-content\/uploads\/2026\/04\/Sarava-Canoa-de-Coqueiro-Pintada-a-Mao.jpg 576w\" sizes=\"(max-width: 169px) 100vw, 169px\" \/>\t\t<\/div>\n\t\t\t\t<div class=\"elementor-portfolio-item__overlay\">\n\t\t\t\t<h3 class=\"elementor-portfolio-item__title\">\n\t\tSarav\u00e1 &#8211; Canoa de Coqueiro Pintada \u00e0 M\u00e3o\t\t<\/h3>\n\t\t\t\t<\/div>\n\t\t\t\t<\/a>\n\t\t<\/article>\n\t\t\t\t<\/div>\n\t\t\t\t\t\t<\/div>\n\t\t\t\t<\/div>\n\t\t\t\t\t<\/div>\n\t\t\t\t<\/div>\n\t\t\t\t<\/div>\n\t\t","protected":false},"excerpt":{"rendered":"","protected":false},"author":1,"featured_media":0,"parent":0,"menu_order":0,"comment_status":"closed","ping_status":"open","template":"elementor_header_footer","meta":{"footnotes":""},"class_list":["post-2","page","type-page","status-publish","hentry"],"_links":{"self":[{"href":"https:\/\/carinecastroatelie.com.br\/index.php\/wp-json\/wp\/v2\/pages\/2","targetHints":{"allow":["GET"]}}],"collection":[{"href":"https:\/\/carinecastroatelie.com.br\/index.php\/wp-json\/wp\/v2\/pages"}],"about":[{"href":"https:\/\/carinecastroatelie.com.br\/index.php\/wp-json\/wp\/v2\/types\/page"}],"author":[{"embeddable":true,"href":"https:\/\/carinecastroatelie.com.br\/index.php\/wp-json\/wp\/v2\/users\/1"}],"replies":[{"embeddable":true,"href":"https:\/\/carinecastroatelie.com.br\/index.php\/wp-json\/wp\/v2\/comments?post=2"}],"version-history":[{"count":9,"href":"https:\/\/carinecastroatelie.com.br\/index.php\/wp-json\/wp\/v2\/pages\/2\/revisions"}],"predecessor-version":[{"id":44,"href":"https:\/\/carinecastroatelie.com.br\/index.php\/wp-json\/wp\/v2\/pages\/2\/revisions\/44"}],"wp:attachment":[{"href":"https:\/\/carinecastroatelie.com.br\/index.php\/wp-json\/wp\/v2\/media?parent=2"}],"curies":[{"name":"wp","href":"https:\/\/api.w.org\/{rel}","templated":true}]}}